{"id":174,"date":"2021-01-09T19:19:34","date_gmt":"2021-01-09T23:19:34","guid":{"rendered":"http:\/\/unizion.coop.br\/?page_id=174"},"modified":"2021-01-15T12:34:24","modified_gmt":"2021-01-15T16:34:24","slug":"educacao-e-saude","status":"publish","type":"page","link":"https:\/\/unizion.coop.br\/?page_id=174","title":{"rendered":"Educa\u00e7\u00e3o e Sa\u00fade"},"content":{"rendered":"\n<p>Educa\u00e7\u00e3o<\/p>\n\n\n\n<ul><li>Capacita\u00e7\u00e3o de docentes em ambientes remotos<\/li><li>Capacita\u00e7\u00e3o de docentes para metodologia do novo ensino m\u00e9dio<\/li><li>Cursos de Arduino utilizando ferramentas de simula\u00e7\u00e3o<\/li><li>Nivel Basico<\/li><li>Nivel Intermediario<\/li><li>Nivel Avan\u00e7ado<\/li><li>Cursos de Modelagem em 3 D<\/li><li>Nivel Basico<\/li><li>Nivel ntermediario<\/li><li>Nivel Avan\u00e7ado<\/li><li>Cursos de Implanta\u00e7\u00e3o e Implementa\u00e7\u00e3o das Ferramentas de Lean Manifacturing (Manufatura Enxuta)<\/li><li>Cursos de Controle de Qualidade utilizando ferramentas on -line<\/li><li>Cursos de Gest\u00e3o de Qualidade utilizando ferramentas on line<\/li><li>Cursos de Gest\u00e3o de Projetos utilizando ferramentas on line<\/li><li>Curso de SolidWorks<\/li><li>Nivel Basico<\/li><li>Nivel Intermediario<\/li><li>Nivel Avan\u00e7ado<\/li><li>Cursos das Ferramentas do Sistema de Gest\u00e3o e Seguran\u00e7a de Alimentos ( SGSA)<\/li><li>Food Defense<\/li><li>Food Fraud<\/li><li>FSSC 22.000<\/li><li>ISO 22.000: 2018<\/li><li>Cursos de Projetos de Processos fotovoitaicos conectados a rede<\/li><li>Cursos de NR 10<\/li><li>Nivel Basico<\/li><li>Nivel Complementar<\/li><li>Curso de Seguran\u00e7a na opera\u00e7\u00e3o de caldeiras<\/li><li>Curso de Seguran\u00e7a na opera\u00e7\u00e3o de unidades de processo,<\/li><li>Curso de Brigada de inc\u00eandio<\/li><li>Curso de NR 35<\/li><li>Curso de NR 12<\/li><\/ul>\n\n\n\n<p>Sa\u00fade<\/p>\n\n\n\n<ul><li>GIN\u00c1STICA LABORAL COMPENS\u00c1TORIA<\/li><li>GIN\u00c1STICA AER\u00d3BICA \/ LOCAL<\/li><li>HIDROGIN\u00c1STICA<\/li><li>MUSCULA\u00c7\u00c3O<\/li><li>TREINAMENTO FUNCIONAL<\/li><li>RECREA\u00c7\u00c3O E LAZER ALONGAMENTO<\/li><li>RELAXAMENTO E FLEXIBILIDADE<\/li><\/ul>\n","protected":false},"excerpt":{"rendered":"<p> <a class=\"more-link\" href=\"https:\/\/unizion.coop.br\/?page_id=174\">Leia mais&#8230; &raquo;<\/a><\/p>\n","protected":false},"author":1,"featured_media":268,"parent":0,"menu_order":0,"comment_status":"closed","ping_status":"closed","template":"","meta":[],"_links":{"self":[{"href":"https:\/\/unizion.coop.br\/index.php?rest_route=\/wp\/v2\/pages\/174"}],"collection":[{"href":"https:\/\/unizion.coop.br\/index.php?rest_route=\/wp\/v2\/pages"}],"about":[{"href":"https:\/\/unizion.coop.br\/index.php?rest_route=\/wp\/v2\/types\/page"}],"author":[{"embeddable":true,"href":"https:\/\/unizion.coop.br\/index.php?rest_route=\/wp\/v2\/users\/1"}],"replies":[{"embeddable":true,"href":"https:\/\/unizion.coop.br\/index.php?rest_route=%2Fwp%2Fv2%2Fcomments&post=174"}],"version-history":[{"count":3,"href":"https:\/\/unizion.coop.br\/index.php?rest_route=\/wp\/v2\/pages\/174\/revisions"}],"predecessor-version":[{"id":234,"href":"https:\/\/unizion.coop.br\/index.php?rest_route=\/wp\/v2\/pages\/174\/revisions\/234"}],"wp:featuredmedia":[{"embeddable":true,"href":"https:\/\/unizion.coop.br\/index.php?rest_route=\/wp\/v2\/media\/268"}],"wp:attachment":[{"href":"https:\/\/unizion.coop.br\/index.php?rest_route=%2Fwp%2Fv2%2Fmedia&parent=174"}],"curies":[{"name":"wp","href":"https:\/\/api.w.org\/{rel}","templated":true}]}}