{"id":2,"date":"2016-05-10T03:48:21","date_gmt":"2016-05-10T03:48:21","guid":{"rendered":"http:\/\/unizion.coop.br\/?page_id=2"},"modified":"2021-01-08T19:37:23","modified_gmt":"2021-01-08T23:37:23","slug":"sample-page","status":"publish","type":"page","link":"https:\/\/unizion.coop.br\/?page_id=2","title":{"rendered":"Sobre a Unizion"},"content":{"rendered":"\n<p class=MsoNormal style='text-align:justify'>Nosso objetivo \u00e9 levar o\nconhecimento na forma de informa\u00e7\u00e3o para que as pessoas possam auto conhecer e\ndescobrir suas aptid\u00f5es (desenvolvimento humano) conduzindo-os na busca de\nconhecimentos alternativos como inova\u00e7\u00f5es, tecnologias, experi\u00eancias\n(amadurecimento do conhecimento de causa) gerando a\u00e7\u00f5es planejadas e\norganizadas (desenvolvimento de projetos) em parcerias com entidades afins,\ntransferindo e agregando valores de forma sustent\u00e1vel, preservando o meio\nambiente e melhorando a qualidade de vida.<\/p>\n\n<p class=MsoNormal style='text-align:justify'>PROP\u00d3SITO: \u00e9 oferecer servi\u00e7os com\nprofissionais qualificados nas \u00e1reas propostas, proporcionando inova\u00e7\u00e3o e\ntecnologia aos empreendimentos existentes bem como os novos. <\/p>\n\n<p class=MsoNormal style='text-align:justify'>DEDICAR-SE: Dar\nsuporte e assessoria bem como oferecer profissionais qualificados para\nplanejar, implantar e monitorar projetos empreendedores tanto na \u00e1rea do\nagroneg\u00f3cio como na \u00e1rea industrial e urbana atrav\u00e9s do COOPERATIVISMO. <\/p>\n\n<p class=MsoNormal style='text-align:justify'>PRODUTOS\/SERVICOS: na\n\u00e1rea de Orienta\u00e7\u00e3o t\u00e9cnica, forma\u00e7\u00e3o, capacita\u00e7\u00e3o, educa\u00e7\u00e3o e executar\ntrabalhos qualificados a terceiros atrav\u00e9s da legisla\u00e7\u00e3o que rege as\ncooperativas de trabalho. <\/p>\n\n<p class=MsoNormal style='text-align:justify'>MISS\u00c3O: Renascer o Cooperativismo\ne associativismo articulado em parcerias com entidades locais, regionais e da\nesfera estadual e federal profissionalizando empreendimentos com inova\u00e7\u00e3o e\ntecnologia limpas para o bem comum da sociedade. <\/p>\n\n<p class=MsoNormal style='text-align:justify'>PRINC\u00cdPIOS: Atuar nos moldes\ncooperativistas em prol de sanar as necessidades dos associados, colaboradores,\nparceiros e clientes, proporcionando produtos, servi\u00e7os, inova\u00e7\u00e3o e tecnologia\nde qualidade ao desenvolvimento social e empresarial. <\/p>\n\n<p class=MsoNormal style='text-align:justify'>VALORES da UNIZION:<\/p>\n\n<p class=MsoListParagraphCxSpFirst style='text-align:justify;&nbsp; text-indent:-18.0pt;  \nmso-list:l5 level1 lfo9'><![if !supportLists]><span style='font-family:Wingdings;\nmso-fareast-font-family:Wingdings;mso-bidi-font-family:Wingdings'><span\nstyle='mso-list:Ignore'>\u00fc<span style='font:7.0pt \"Times New Roman\"'>&nbsp; <\/span><\/span><\/span><![endif]>Trabalho\nem conjunto-equipe; <\/p>\n\n<p class=MsoListParagraphCxSpMiddle style='text-align:justify;&nbsp;text-indent:-18.0pt;\nmso-list:l5 level1 lfo8'><![if !supportLists]><span style='font-family:Wingdings;\nmso-fareast-font-family:Wingdings;mso-bidi-font-family:Wingdings'><span\nstyle='mso-list:Ignore'>\u00fc<span style='font:7.0pt \"Times New Roman\"'>&nbsp; <\/span><\/span><\/span><![endif]>Est\u00edmulo\n\u00e0 diversifica\u00e7\u00e3o no meio do agroneg\u00f3cio e industrial; <\/p>\n\n<p class=MsoListParagraphCxSpMiddle style='text-align:justify;&nbsp;text-indent:-18.0pt;\nmso-list:l5 level1 lfo8'><![if !supportLists]><span style='font-family:Wingdings;\nmso-fareast-font-family:Wingdings;mso-bidi-font-family:Wingdings'><span\nstyle='mso-list:Ignore'>\u00fc<span style='font:7.0pt \"Times New Roman\"'>&nbsp; <\/span><\/span><\/span><![endif]>Desenvolvimento\ne n\u00e3o crescimento econ\u00f4mico;<\/p>\n\n<p class=MsoListParagraphCxSpMiddle style='text-align:justify;&nbsp;text-indent:-18.0pt;\nmso-list:l5 level1 lfo8'><![if !supportLists]><span style='font-family:Wingdings;\nmso-fareast-font-family:Wingdings;mso-bidi-font-family:Wingdings'><span\nstyle='mso-list:Ignore'>\u00fc<span style='font:7.0pt \"Times New Roman\"'>&nbsp; <\/span><\/span><\/span><![endif]>Qualidade\ndos produtos e servi\u00e7os ofertados;<\/p>\n\n<p class=MsoListParagraphCxSpMiddle style='text-align:justify;&nbsp;text-indent:-18.0pt;\nmso-list:l5 level1 lfo8'><![if !supportLists]><span style='font-family:Wingdings;\nmso-fareast-font-family:Wingdings;mso-bidi-font-family:Wingdings'><span\nstyle='mso-list:Ignore'>\u00fc<span style='font:7.0pt \"Times New Roman\"'>&nbsp; <\/span><\/span><\/span><![endif]>\u00c9tica\ne seriedade; &#8211; Fomentar a fraternidade, solidariedade e a coopera\u00e7\u00e3o;<\/p>\n\n<p class=MsoListParagraphCxSpMiddle style='text-align:justify;&nbsp;text-indent:-18.0pt;\nmso-list:l5 level1 lfo8'><![if !supportLists]><span style='font-family:Wingdings;\nmso-fareast-font-family:Wingdings;mso-bidi-font-family:Wingdings'><span\nstyle='mso-list:Ignore'>\u00fc<span style='font:7.0pt \"Times New Roman\"'>&nbsp; <\/span><\/span><\/span><![endif]>Respeito\naos valores \u00e9tnicos e ao esp\u00edrito de comunidade; <\/p>\n\n<p class=MsoListParagraphCxSpLast style='text-align:justify;&nbsp;text-indent:-18.0pt;\nmso-list:l5 level1 lfo8'><![if !supportLists]><span style='font-family:Wingdings;\nmso-fareast-font-family:Wingdings;mso-bidi-font-family:Wingdings'><span\nstyle='mso-list:Ignore'>\u00fc<span style='font:7.0pt \"Times New Roman\"'>&nbsp; <\/span><\/span><\/span><![endif]>Aprimoramento\nt\u00e9cnico e profissional de seus colaboradores e parceiros. <\/p>\n\n<p class=MsoNormal style='text-align:justify'>VIS\u00c3O: Ser um ponto de refer\u00eancia t\u00e9cnica e profissional no cen\u00e1rio da presta\u00e7\u00e3o de servi\u00e7os especializados a n\u00edvel nacional.<\/p>\n\n","protected":false},"excerpt":{"rendered":"<p> <a class=\"more-link\" href=\"https:\/\/unizion.coop.br\/?page_id=2\">Leia mais&#8230; &raquo;<\/a><\/p>\n","protected":false},"author":1,"featured_media":0,"parent":0,"menu_order":0,"comment_status":"closed","ping_status":"open","template":"","meta":[],"_links":{"self":[{"href":"https:\/\/unizion.coop.br\/index.php?rest_route=\/wp\/v2\/pages\/2"}],"collection":[{"href":"https:\/\/unizion.coop.br\/index.php?rest_route=\/wp\/v2\/pages"}],"about":[{"href":"https:\/\/unizion.coop.br\/index.php?rest_route=\/wp\/v2\/types\/page"}],"author":[{"embeddable":true,"href":"https:\/\/unizion.coop.br\/index.php?rest_route=\/wp\/v2\/users\/1"}],"replies":[{"embeddable":true,"href":"https:\/\/unizion.coop.br\/index.php?rest_route=%2Fwp%2Fv2%2Fcomments&post=2"}],"version-history":[{"count":23,"href":"https:\/\/unizion.coop.br\/index.php?rest_route=\/wp\/v2\/pages\/2\/revisions"}],"predecessor-version":[{"id":126,"href":"https:\/\/unizion.coop.br\/index.php?rest_route=\/wp\/v2\/pages\/2\/revisions\/126"}],"wp:attachment":[{"href":"https:\/\/unizion.coop.br\/index.php?rest_route=%2Fwp%2Fv2%2Fmedia&parent=2"}],"curies":[{"name":"wp","href":"https:\/\/api.w.org\/{rel}","templated":true}]}}