{"id":49,"date":"2021-01-02T18:58:22","date_gmt":"2021-01-02T22:58:22","guid":{"rendered":"http:\/\/unizion.dominiotemporario.com\/?page_id=49"},"modified":"2021-01-31T16:38:10","modified_gmt":"2021-01-31T20:38:10","slug":"meio-ambiente-e-sustentabilidade","status":"publish","type":"page","link":"https:\/\/unizion.coop.br\/?page_id=49","title":{"rendered":"Meio Ambiente e Sustentabilidade"},"content":{"rendered":"\n<ul><li>Licenciamento Ambiental\u00a0<\/li><li>Plano de Gerenciamento de Residuos Solidos (Servi\u00e7os de Saude, Constru\u00e7\u00e3o Civil, Coleta Seletiva)\u00a0<\/li><li>Implanta\u00e7\u00e3o e Implementa\u00e7\u00e3o de Sistema de Gest\u00e3o Ambiental (ISO 14.000)<\/li><li>Melhoria de Processos em Sistema de Capta\u00e7\u00e3o de \u00c1gua ( ETA)<\/li><li>Melhoria de Processos em Sistema de e Efluentes ( ETE)<\/li><li>Projetos T\u00e9cnicos para Tratamento de Efluentes<\/li><li>Projetos T\u00e9cnicos para Implamenta\u00e7\u00e3o de Reuso de \u00c1guas<\/li><li>Implanta\u00e7\u00e3o de Ferramentas de Efici\u00eancia Energ\u00e9tica<\/li><li>Relatorio de Levantamento de Aspectos e Impactos Ambientais<\/li><li>Per\u00edcias T\u00e9cnicas<\/li><li>Projetos T\u00e9cnicos de Remedia\u00e7\u00e3o de \u00c1rea Degradadas por Residuos S\u00f3lidos<\/li><li>Licenciamento para uso de produtos qu\u00edmicos controlados (Pol\u00edcia Federal e Ex\u00e9rcito)<\/li><\/ul>\n\n\n\n<p><\/p>\n","protected":false},"excerpt":{"rendered":"<p> <a class=\"more-link\" href=\"https:\/\/unizion.coop.br\/?page_id=49\">Leia mais&#8230; &raquo;<\/a><\/p>\n","protected":false},"author":1,"featured_media":264,"parent":0,"menu_order":0,"comment_status":"closed","ping_status":"closed","template":"","meta":[],"_links":{"self":[{"href":"https:\/\/unizion.coop.br\/index.php?rest_route=\/wp\/v2\/pages\/49"}],"collection":[{"href":"https:\/\/unizion.coop.br\/index.php?rest_route=\/wp\/v2\/pages"}],"about":[{"href":"https:\/\/unizion.coop.br\/index.php?rest_route=\/wp\/v2\/types\/page"}],"author":[{"embeddable":true,"href":"https:\/\/unizion.coop.br\/index.php?rest_route=\/wp\/v2\/users\/1"}],"replies":[{"embeddable":true,"href":"https:\/\/unizion.coop.br\/index.php?rest_route=%2Fwp%2Fv2%2Fcomments&post=49"}],"version-history":[{"count":8,"href":"https:\/\/unizion.coop.br\/index.php?rest_route=\/wp\/v2\/pages\/49\/revisions"}],"predecessor-version":[{"id":332,"href":"https:\/\/unizion.coop.br\/index.php?rest_route=\/wp\/v2\/pages\/49\/revisions\/332"}],"wp:featuredmedia":[{"embeddable":true,"href":"https:\/\/unizion.coop.br\/index.php?rest_route=\/wp\/v2\/media\/264"}],"wp:attachment":[{"href":"https:\/\/unizion.coop.br\/index.php?rest_route=%2Fwp%2Fv2%2Fmedia&parent=49"}],"curies":[{"name":"wp","href":"https:\/\/api.w.org\/{rel}","templated":true}]}}