{"id":59,"date":"2021-01-02T19:04:58","date_gmt":"2021-01-02T23:04:58","guid":{"rendered":"http:\/\/unizion.dominiotemporario.com\/?page_id=59"},"modified":"2021-01-31T16:37:36","modified_gmt":"2021-01-31T20:37:36","slug":"engenharias-e-automacao","status":"publish","type":"page","link":"https:\/\/unizion.coop.br\/?page_id=59","title":{"rendered":"Engenharias e Automa\u00e7\u00e3o"},"content":{"rendered":"\n<p><\/p>\n\n\n\n<ul><li>Gest\u00e3o de processos<\/li><li>Modelagem 3D<\/li><li>Efici\u00eancia energ\u00e9tica<\/li><li>Gest\u00e3o de seguran\u00e7a do trabalho<\/li><li>Inspe\u00e7\u00e3o de equipamentos (caldeiras, vasos de press\u00e3o, tanques e tubula\u00e7\u00f5es)<\/li><li>Projetos Mecanicos<\/li><li>Projetos \u00a0e comandos el\u00e9tricos<\/li><li>Automa\u00e7\u00e3o de sistemas residenciais e industriais de pequeno, m\u00e9dio e grande porte<\/li><li>trocadores de calor<\/li><li>aquecimento solar<\/li><li>energia fotovolt\u00e1ica (energia solar on grid e off grid)<\/li><li>Instala\u00e7\u00e3o e manuten\u00e7\u00e3o de equipamentos<\/li><li>Implanta\u00e7\u00e3o da filosofia do lean manufacturing<\/li><li>Diagn\u00f3stico de emiss\u00e3o de poluentes (res\u00edduos)<\/li><li>Elabora\u00e7\u00e3o e emiss\u00e3o de relat\u00f3rios t\u00e9cnicos<\/li><li>Elabora\u00e7\u00e3o de relat\u00f3rio, parecer, laudo e atestados t\u00e9cnico<\/li><li>Sistemas Fotovoltaicos (projeto e execu\u00e7\u00e3o)<\/li><li>Per\u00edcias T\u00e9cnicas<\/li><li>Laudos el\u00e9tricos Laudos NR-10<\/li><li>Projetos de Combate a Inc\u00eandio<\/li><li>Treinamentos\/cursos voltados \u00e0 opera\u00e7\u00e3o produtiva e \u00e0 seguran\u00e7a do trabalho<\/li><li>Acesso e an\u00e1lise do Mercado Livre de Energia<\/li><\/ul>\n","protected":false},"excerpt":{"rendered":"<p> <a class=\"more-link\" href=\"https:\/\/unizion.coop.br\/?page_id=59\">Leia mais&#8230; &raquo;<\/a><\/p>\n","protected":false},"author":1,"featured_media":265,"parent":0,"menu_order":0,"comment_status":"closed","ping_status":"closed","template":"","meta":[],"_links":{"self":[{"href":"https:\/\/unizion.coop.br\/index.php?rest_route=\/wp\/v2\/pages\/59"}],"collection":[{"href":"https:\/\/unizion.coop.br\/index.php?rest_route=\/wp\/v2\/pages"}],"about":[{"href":"https:\/\/unizion.coop.br\/index.php?rest_route=\/wp\/v2\/types\/page"}],"author":[{"embeddable":true,"href":"https:\/\/unizion.coop.br\/index.php?rest_route=\/wp\/v2\/users\/1"}],"replies":[{"embeddable":true,"href":"https:\/\/unizion.coop.br\/index.php?rest_route=%2Fwp%2Fv2%2Fcomments&post=59"}],"version-history":[{"count":20,"href":"https:\/\/unizion.coop.br\/index.php?rest_route=\/wp\/v2\/pages\/59\/revisions"}],"predecessor-version":[{"id":330,"href":"https:\/\/unizion.coop.br\/index.php?rest_route=\/wp\/v2\/pages\/59\/revisions\/330"}],"wp:featuredmedia":[{"embeddable":true,"href":"https:\/\/unizion.coop.br\/index.php?rest_route=\/wp\/v2\/media\/265"}],"wp:attachment":[{"href":"https:\/\/unizion.coop.br\/index.php?rest_route=%2Fwp%2Fv2%2Fmedia&parent=59"}],"curies":[{"name":"wp","href":"https:\/\/api.w.org\/{rel}","templated":true}]}}