{"id":77,"date":"2021-01-02T19:58:14","date_gmt":"2021-01-02T23:58:14","guid":{"rendered":"http:\/\/unizion.dominiotemporario.com\/?page_id=77"},"modified":"2021-01-15T10:08:27","modified_gmt":"2021-01-15T14:08:27","slug":"o-que-fazemos","status":"publish","type":"page","link":"https:\/\/unizion.coop.br\/?page_id=77","title":{"rendered":"O que fazemos"},"content":{"rendered":"\n<p class=\"MsoNormal\">Possu\u00edmos as solu\u00e7\u00f5es para ampliar a sua qualifica\u00e7\u00e3o profissional e melhorar e otimizar seu neg\u00f3cio atrav\u00e9s de assessoria, consultorias e capacita\u00e7\u00f5es t\u00e9cnicas nas seguintes v\u00e1rias \u00c1REAS TECNOL\u00d3GICAS:<\/p>\n\n\n\n<ul><li><a href=\"http:\/\/unizion.coop.br\/?page_id=209\" data-type=\"page\" data-id=\"209\">ALIMENTOS<\/a><\/li><li><a href=\"http:\/\/unizion.coop.br\/?page_id=49\" data-type=\"page\" data-id=\"49\">MEIO AMBIENTE E SUSTENTABILIDADE<\/a><\/li><li><a href=\"http:\/\/unizion.coop.br\/?page_id=55\" data-type=\"page\" data-id=\"55\">GEST\u00c3O<\/a><\/li><li><a href=\"http:\/\/unizion.coop.br\/?page_id=59\" data-type=\"page\" data-id=\"59\">ENGENHARIAS E AUTOMA\u00c7\u00c3O<\/a><\/li><li><a href=\"http:\/\/unizion.coop.br\/?page_id=174\" data-type=\"page\" data-id=\"174\">EDUCA\u00c7\u00c3O E SA\u00daDE<\/a><\/li><\/ul>\n","protected":false},"excerpt":{"rendered":"<p> <a class=\"more-link\" href=\"https:\/\/unizion.coop.br\/?page_id=77\">Leia mais&#8230; &raquo;<\/a><\/p>\n","protected":false},"author":1,"featured_media":0,"parent":0,"menu_order":0,"comment_status":"closed","ping_status":"closed","template":"","meta":[],"_links":{"self":[{"href":"https:\/\/unizion.coop.br\/index.php?rest_route=\/wp\/v2\/pages\/77"}],"collection":[{"href":"https:\/\/unizion.coop.br\/index.php?rest_route=\/wp\/v2\/pages"}],"about":[{"href":"https:\/\/unizion.coop.br\/index.php?rest_route=\/wp\/v2\/types\/page"}],"author":[{"embeddable":true,"href":"https:\/\/unizion.coop.br\/index.php?rest_route=\/wp\/v2\/users\/1"}],"replies":[{"embeddable":true,"href":"https:\/\/unizion.coop.br\/index.php?rest_route=%2Fwp%2Fv2%2Fcomments&post=77"}],"version-history":[{"count":3,"href":"https:\/\/unizion.coop.br\/index.php?rest_route=\/wp\/v2\/pages\/77\/revisions"}],"predecessor-version":[{"id":236,"href":"https:\/\/unizion.coop.br\/index.php?rest_route=\/wp\/v2\/pages\/77\/revisions\/236"}],"wp:attachment":[{"href":"https:\/\/unizion.coop.br\/index.php?rest_route=%2Fwp%2Fv2%2Fmedia&parent=77"}],"curies":[{"name":"wp","href":"https:\/\/api.w.org\/{rel}","templated":true}]}}