{"id":79,"date":"2021-01-02T19:58:14","date_gmt":"2021-01-02T23:58:14","guid":{"rendered":"http:\/\/unizion.dominiotemporario.com\/?page_id=79"},"modified":"2021-01-08T20:11:53","modified_gmt":"2021-01-09T00:11:53","slug":"socios-fundadores","status":"publish","type":"page","link":"https:\/\/unizion.coop.br\/?page_id=79","title":{"rendered":"S\u00f3cios Fundadores"},"content":{"rendered":"\n<p class=MsoNormal style='text-align:justify'>ADRIEL LACERDA TAROUCO \u2013 <span\nstyle='font-size:11.5pt;line-height:106%'>Gradua\u00e7\u00e3o<\/span> T\u00e9cnica em Mecatr\u00f4nica\n<o:p><\/o:p><\/p>\n\n<p class=MsoNormal style='text-align:justify'>ALMERINDA RAUCI MESCHIARE- <span\nstyle='font-size:11.5pt;line-height:106%'>Gradua\u00e7\u00e3o<\/span> em Engenharia de\nProdu\u00e7\u00e3o <o:p><\/o:p><\/p>\n\n<p class=MsoNormal style='text-align:justify'><span style='font-size:11.5pt;\nline-height:106%'>EVERTON MEDEIROS TAROUCO \u2013 Gradua\u00e7\u00e3o em Engenharia Mec\u00e2nica,\nEspecializa\u00e7\u00e3o em Engenharia de Seguran\u00e7a do Trabalho e MBA em Consultoria\nEmpresarial<o:p><\/o:p><\/span><\/p>\n\n<p class=MsoNormal style='text-align:justify'><span style='font-size:11.5pt;\nline-height:106%'>GIULIA CATARINA FIORENTINI SILVA \u2013 Gradua\u00e7\u00e3o em Licenciatura\nem Qu\u00edmica <o:p><\/o:p><\/span><\/p>\n\n<p class=MsoNormal style='text-align:justify'><span style='font-size:11.5pt;\nline-height:106%'>HENRY HELBER CALAZANS CAMARGO \u2013 Gradua\u00e7\u00e3o em Engenharia El\u00e9trica\ne Especializa\u00e7\u00e3o em Engenharia de Seguran\u00e7a do Trabalho <o:p><\/o:p><\/span><\/p>\n\n<p class=MsoNormal style='text-align:justify'>L\u00c1ZARO FLECK SILVA \u2013 <span\nstyle='font-size:11.5pt;line-height:106%'>Gradua\u00e7\u00e3o<\/span> em Qu\u00edmica\nIndustrial, Especializa\u00e7\u00e3o e Mestrado em Ci\u00eancia e Tecnologia de Alimentos <o:p><\/o:p><\/p>\n\n<p class=MsoNormal style='text-align:justify'><span style='font-size:11.5pt;\nline-height:106%'>MARCELLUS DE AZEVEDO GOMES DARIO -Gradua\u00e7\u00e3o em Qu\u00edmica<o:p><\/o:p><\/span><\/p>\n\n<p class=MsoNormal style='text-align:justify'><span style='font-size:11.5pt;\nline-height:106%'>NATACHA NOEMY DINIZ \u2013 Gradua\u00e7\u00e3o em Educa\u00e7\u00e3o F\u00edsica <o:p><\/o:p><\/span><\/p>\n\n<p class=MsoNormal style='text-align:justify'><span style='font-size:11.5pt;\nline-height:106%'>OSCAR ALESSANDRO DE MATOS \u2013 Gradua\u00e7\u00e3o em Matem\u00e1tica, Mestrado\nem Matem\u00e1tica Aplicada<\/span><o:p><\/o:p><\/p>\n\n<p class=MsoNormal style='text-align:justify'>VIVIANE FIORENTINI \u2013 <span\nstyle='font-size:11.5pt;line-height:106%'>Gradua\u00e7\u00e3o<\/span> em Qu\u00edmica Industrial,\nMestrado em Engenharia de Produ\u00e7\u00e3o<o:p><\/o:p><\/p>\n","protected":false},"excerpt":{"rendered":"<p> <a class=\"more-link\" href=\"https:\/\/unizion.coop.br\/?page_id=79\">Leia mais&#8230; &raquo;<\/a><\/p>\n","protected":false},"author":1,"featured_media":0,"parent":0,"menu_order":0,"comment_status":"closed","ping_status":"closed","template":"","meta":[],"_links":{"self":[{"href":"https:\/\/unizion.coop.br\/index.php?rest_route=\/wp\/v2\/pages\/79"}],"collection":[{"href":"https:\/\/unizion.coop.br\/index.php?rest_route=\/wp\/v2\/pages"}],"about":[{"href":"https:\/\/unizion.coop.br\/index.php?rest_route=\/wp\/v2\/types\/page"}],"author":[{"embeddable":true,"href":"https:\/\/unizion.coop.br\/index.php?rest_route=\/wp\/v2\/users\/1"}],"replies":[{"embeddable":true,"href":"https:\/\/unizion.coop.br\/index.php?rest_route=%2Fwp%2Fv2%2Fcomments&post=79"}],"version-history":[{"count":2,"href":"https:\/\/unizion.coop.br\/index.php?rest_route=\/wp\/v2\/pages\/79\/revisions"}],"predecessor-version":[{"id":129,"href":"https:\/\/unizion.coop.br\/index.php?rest_route=\/wp\/v2\/pages\/79\/revisions\/129"}],"wp:attachment":[{"href":"https:\/\/unizion.coop.br\/index.php?rest_route=%2Fwp%2Fv2%2Fmedia&parent=79"}],"curies":[{"name":"wp","href":"https:\/\/api.w.org\/{rel}","templated":true}]}}