{"id":82,"date":"2021-01-02T19:58:14","date_gmt":"2021-01-02T23:58:14","guid":{"rendered":"http:\/\/unizion.dominiotemporario.com\/?page_id=82"},"modified":"2021-02-24T11:29:33","modified_gmt":"2021-02-24T15:29:33","slug":"como-se-associar","status":"publish","type":"page","link":"https:\/\/unizion.coop.br\/?page_id=82","title":{"rendered":"Como se Associar"},"content":{"rendered":"\n<p class=\"MsoNormal\"><span style=\"font-size:12.0pt;\nline-height:106%\">Todos os profissionais interessados em associar-se nesta\nCooperativa, devem ser aut\u00f4nomos e estar regularmente registrados no \u00f3rg\u00e3o de\nclasse que represente sua profiss\u00e3o. as atividades s\u00e3o exercidas sem v\u00ednculo\nempregat\u00edcio, o que significa que, de acordo com a lei n\u00ba 5.764, de 16 de\ndezembro de 1971, n\u00e3o tem direito ao fundo de garantia por tempo de servi\u00e7o &#8211;\nFGTS, \u00e0 f\u00e9rias remuneradas, ao 13\u00ba sal\u00e1rio e \u00e0s demais verbas previstas na\nConsolida\u00e7\u00e3o das Leis Trabalhistas &#8211; CLT.<o:p><\/o:p><\/span><\/p>\n\n\n\n<p class=\"MsoNormal\"><span style=\"font-size:12.0pt;\nline-height:106%\">S\u00e3o necess\u00e1rios c\u00f3pias dos seguintes documentos:<o:p><\/o:p><\/span><\/p>\n\n\n\n<p class=\"MsoListParagraphCxSpFirst\"><!--[if !supportLists]--><span style=\"font-size:12.0pt;line-height:107%;font-family:Symbol;mso-fareast-font-family:\nSymbol;mso-bidi-font-family:Symbol\"><span style=\"mso-list:Ignore\">\u00b7<span style=\"font:7.0pt &quot;Times New Roman&quot;\">&nbsp;&nbsp;&nbsp;&nbsp;&nbsp;&nbsp;&nbsp;&nbsp;\n<\/span><\/span><\/span><!--[endif]--><span style=\"font-size:12.0pt;line-height:107%\">Requerimento\nsolicitando sua associa\u00e7\u00e3o (Ficha de Matr\u00edcula) <o:p><\/o:p><\/span><\/p>\n\n\n\n<p class=\"MsoListParagraphCxSpMiddle\"><!--[if !supportLists]--><span style=\"font-size:12.0pt;line-height:107%;font-family:Symbol;mso-fareast-font-family:\nSymbol;mso-bidi-font-family:Symbol\"><span style=\"mso-list:Ignore\">\u00b7<span style=\"font:7.0pt &quot;Times New Roman&quot;\">&nbsp;&nbsp;&nbsp;&nbsp;&nbsp;&nbsp;&nbsp;&nbsp;\n<\/span><\/span><\/span><!--[endif]--><span style=\"font-size:12.0pt;line-height:107%\">Carteira\nde identidade; T\u00edtulo eleitoral; CPF;<o:p><\/o:p><\/span><\/p>\n\n\n\n<p class=\"MsoListParagraphCxSpMiddle\"><!--[if !supportLists]--><span style=\"font-size:12.0pt;line-height:107%;font-family:Symbol;mso-fareast-font-family:\nSymbol;mso-bidi-font-family:Symbol\"><span style=\"mso-list:Ignore\">\u00b7<span style=\"font:7.0pt &quot;Times New Roman&quot;\">&nbsp;&nbsp;&nbsp;&nbsp;&nbsp;&nbsp;&nbsp;&nbsp;\n<\/span><\/span><\/span><!--[endif]--><span style=\"font-size:12.0pt;line-height:107%\">Inscri\u00e7\u00e3o\nno INSS para recolhimento da guia de aut\u00f4nomo;<o:p><\/o:p><\/span><\/p>\n\n\n\n<p class=\"MsoListParagraphCxSpMiddle\"><!--[if !supportLists]--><span style=\"font-size:12.0pt;line-height:107%;font-family:Symbol;mso-fareast-font-family:\nSymbol;mso-bidi-font-family:Symbol\"><span style=\"mso-list:Ignore\">\u00b7<span style=\"font:7.0pt &quot;Times New Roman&quot;\">&nbsp;&nbsp;&nbsp;&nbsp;&nbsp;&nbsp;&nbsp;&nbsp;\n<\/span><\/span><\/span><!--[endif]--><span style=\"font-size:12.0pt;line-height:107%\">C\u00f3pia\ndo diploma de cursos (T\u00e9cnico\/Gradua\u00e7\u00e3o ou P\u00f3s Gradua\u00e7\u00e3o)<o:p><\/o:p><\/span><\/p>\n\n\n\n<p class=\"MsoListParagraphCxSpMiddle\"><!--[if !supportLists]--><span style=\"font-size:12.0pt;line-height:107%;font-family:Symbol;mso-fareast-font-family:\nSymbol;mso-bidi-font-family:Symbol\"><span style=\"mso-list:Ignore\">\u00b7<span style=\"font:7.0pt &quot;Times New Roman&quot;\">&nbsp;&nbsp;&nbsp;&nbsp;&nbsp;&nbsp;&nbsp;&nbsp;\n<\/span><\/span><\/span><!--[endif]--><span style=\"font-size:12.0pt;line-height:107%\">Comprovante\nde pagamento da anuidade no \u00f3rg\u00e3o de classe da categoria (Exemplo: CREA);<o:p><\/o:p><\/span><\/p>\n\n\n\n<p class=\"MsoListParagraphCxSpMiddle\"><!--[if !supportLists]--><span style=\"font-size:12.0pt;line-height:107%;font-family:Symbol;mso-fareast-font-family:\nSymbol;mso-bidi-font-family:Symbol\"><span style=\"mso-list:Ignore\">\u00b7<span style=\"font:7.0pt &quot;Times New Roman&quot;\">&nbsp;&nbsp;&nbsp;&nbsp;&nbsp;&nbsp;&nbsp;&nbsp;\n<\/span><\/span><\/span><!--[endif]--><span style=\"font-size:12.0pt;line-height:107%\">Fotografia\n3&#215;4;<o:p><\/o:p><\/span><\/p>\n\n\n\n<p class=\"MsoListParagraphCxSpMiddle\"><!--[if !supportLists]--><span style=\"font-size:12.0pt;line-height:107%;font-family:Symbol;mso-fareast-font-family:\nSymbol;mso-bidi-font-family:Symbol\"><span style=\"mso-list:Ignore\">\u00b7<span style=\"font:7.0pt &quot;Times New Roman&quot;\">&nbsp;&nbsp;&nbsp;&nbsp;&nbsp;&nbsp;&nbsp;&nbsp;\n<\/span><\/span><\/span><!--[endif]--><span style=\"font-size:12.0pt;line-height:107%\">Estado\nCivil (se casado colocar o regime de casamento)<o:p><\/o:p><\/span><\/p>\n\n\n\n<p class=\"MsoListParagraphCxSpMiddle\"><!--[if !supportLists]--><span style=\"font-size:12.0pt;line-height:107%;font-family:Symbol;mso-fareast-font-family:\nSymbol;mso-bidi-font-family:Symbol\"><span style=\"mso-list:Ignore\">\u00b7<span style=\"font:7.0pt &quot;Times New Roman&quot;\">&nbsp;&nbsp;&nbsp;&nbsp;&nbsp;&nbsp;&nbsp;&nbsp;\n<\/span><\/span><\/span><!--[endif]--><span style=\"font-size:12.0pt;line-height:107%\">Informa\u00e7\u00f5es\ndos dependentes (nome completo\/CPF\/data nascimento), caso tiver;<o:p><\/o:p><\/span><\/p>\n\n\n\n<p class=\"MsoListParagraphCxSpMiddle\"><!--[if !supportLists]--><span style=\"font-size:12.0pt;line-height:107%;font-family:Symbol;mso-fareast-font-family:\nSymbol;mso-bidi-font-family:Symbol\"><span style=\"mso-list:Ignore\">\u00b7<span style=\"font:7.0pt &quot;Times New Roman&quot;\">&nbsp;&nbsp;&nbsp;&nbsp;&nbsp;&nbsp;&nbsp;&nbsp;\n<\/span><\/span><\/span><!--[endif]--><span style=\"font-size:12.0pt;line-height:107%\">Comprovante\nde endere\u00e7o; (inclusive informar telefone e e-mail)<o:p><\/o:p><\/span><\/p>\n\n\n\n<p class=\"MsoListParagraphCxSpLast\"><!--[if !supportLists]--><span style=\"font-size:12.0pt;line-height:107%;font-family:Symbol;mso-fareast-font-family:\nSymbol;mso-bidi-font-family:Symbol\"><span style=\"mso-list:Ignore\">\u00b7<span style=\"font:7.0pt &quot;Times New Roman&quot;\">&nbsp;&nbsp;&nbsp;&nbsp;&nbsp;&nbsp;&nbsp;&nbsp;\n<\/span><\/span><\/span><!--[endif]--><span style=\"font-size:12.0pt;line-height:107%\">Curr\u00edculo\nVitae Atualizado <o:p><\/o:p><\/span><\/p>\n\n\n\n<p class=\"MsoNormal\"><b><span style=\"font-size:12.0pt;\nline-height:106%\"><br>\n<\/span><\/b><span style=\"font-size:12.0pt;line-height:106%\">Caso haja alguma\nd\u00favida,&nbsp;contate-nos!<o:p><\/o:p><\/span><\/p>\n","protected":false},"excerpt":{"rendered":"<p> <a class=\"more-link\" href=\"https:\/\/unizion.coop.br\/?page_id=82\">Leia mais&#8230; &raquo;<\/a><\/p>\n","protected":false},"author":1,"featured_media":0,"parent":0,"menu_order":0,"comment_status":"closed","ping_status":"closed","template":"","meta":[],"_links":{"self":[{"href":"https:\/\/unizion.coop.br\/index.php?rest_route=\/wp\/v2\/pages\/82"}],"collection":[{"href":"https:\/\/unizion.coop.br\/index.php?rest_route=\/wp\/v2\/pages"}],"about":[{"href":"https:\/\/unizion.coop.br\/index.php?rest_route=\/wp\/v2\/types\/page"}],"author":[{"embeddable":true,"href":"https:\/\/unizion.coop.br\/index.php?rest_route=\/wp\/v2\/users\/1"}],"replies":[{"embeddable":true,"href":"https:\/\/unizion.coop.br\/index.php?rest_route=%2Fwp%2Fv2%2Fcomments&post=82"}],"version-history":[{"count":7,"href":"https:\/\/unizion.coop.br\/index.php?rest_route=\/wp\/v2\/pages\/82\/revisions"}],"predecessor-version":[{"id":492,"href":"https:\/\/unizion.coop.br\/index.php?rest_route=\/wp\/v2\/pages\/82\/revisions\/492"}],"wp:attachment":[{"href":"https:\/\/unizion.coop.br\/index.php?rest_route=%2Fwp%2Fv2%2Fmedia&parent=82"}],"curies":[{"name":"wp","href":"https:\/\/api.w.org\/{rel}","templated":true}]}}